{"id":155,"date":"2023-12-28T10:39:27","date_gmt":"2023-12-28T10:39:27","guid":{"rendered":"https:\/\/vetrina.baldessano.roccati.edu.it\/?page_id=155"},"modified":"2024-02-24T10:50:22","modified_gmt":"2024-02-24T10:50:22","slug":"progetto-lingue","status":"publish","type":"page","link":"https:\/\/vetrina.baldessano.roccati.edu.it\/?page_id=155","title":{"rendered":"PROGETTO LINGUE"},"content":{"rendered":"<p>Ecco i progetti proposti dal nostro splendido team linguistico!<\/p>\n<h1 style=\"text-align: center;\">LINGUA INGLESE<\/h1>\n<h2 style=\"text-align: center;\"><strong>CAMPIONATO NAZIONALE DELLE LINGUE<\/strong><\/h2>\n<p><strong>&nbsp;<\/strong><em>We get our last-year classes involved in a national competition called \u201cCampionato Nazionale delle Lingue\u201d meant to enhance Italian students particularly fond of and good at one of the 3 languages covered in the courses of studies offered by our secondary school, namely English, French and Spanish. The Campionato also involves a fourth language, German.<\/em><\/p>\n<p><em>The Campionato Nazionale delle Lingue is promoted by Dipartimento di Scienze della Comunicazione, Studi Umanistici e Internazionali, together with Scuola di Lingue e Letterature Straniere dell\u2019Universit\u00e0 degli Studi di Urbino Carlo Bo in collaboration with the Language Centre of the above-mentioned University and this year the Championship has reached its 14th edition.<\/em><\/p>\n<p><em>The phase of Qualification takes place between November and December and consists of an online Reading and Use of English test (level B2+\/C1) sat remotely.<\/em><\/p>\n<p><em>According to the Qualification test score got by the students, they may gain access to the semi-final phase, which consists of a computer-based exam and an oral test, both taken remotely, and subsequently, at the end of March, gain access to the final phase that consists of a creating writing exam held in Urbino, followed by the conclusive awards ceremony held on the following day.<\/em><\/p>\n<p><em>For further information, visit the website: <a href=\"https:\/\/cndl.uniurb.it\">https:\/\/cndl.uniurb.it<\/a><\/em><\/p>\n<p>Italian version<\/p>\n<h2 style=\"text-align: center;\"><strong>CAMPIONATO NAZIONALE DELLE LINGUE<\/strong><\/h2>\n<p><strong>&nbsp;<\/strong>Proponiamo a tutte le classi quinte dell\u2019Istituto di partecipare al Campionato Nazionale delle Lingue, una competizione formativa rivolta alle studentesse e agli studenti iscritti all\u2019ultimo anno delle Scuole secondarie di secondo grado e alle\/ai docenti di lingua delle stesse scuole dell\u2019intero territorio nazionale nelle 4 lingue Inglese, Francese, Spagnolo e Tedesco. Nel nostro istituto si studiano le prime 3 lingue a seconda dell\u2019indirizzo di studio che si frequenta.<\/p>\n<p>Il Campionato \u00e8 promosso dal Dipartimento di Scienze della Comunicazione, Studi Umanistici e Internazionali e la Scuola di Lingue e Letterature Straniere dell\u2019Universit\u00e0 degli Studi di Urbino Carlo Bo, in collaborazione con il Centro Linguistico d\u2019Ateneo, e quest\u2019anno ha raggiunto la 14esima edizione.<\/p>\n<p>La fase di Qualificazione ha luogo nei mesi di novembre e di dicembre e consiste in un test online, da remoto, di uso della lingua e comprensione del testo di livello B2+\/C1.<\/p>\n<p>A seconda del punteggio ottenuto in questa fase, i ragazzi possono accedere alla fase delle semi-finali, che consiste in un test al computer che prevede una serie di domande a risposta multipla per la verifica del livello di competenza linguistica secondo il QCER e in test orale che valuta la capacit\u00e0 della candidata o del candidato di interagire nel corso di una conversazione in lingua.&nbsp;Successivamente, alla fine di marzo, si accede eventualmente alla fase finale che consiste in una prova di scrittura creativa in presenza, ad Urbino, e il giorno seguente, ha luogo la cerimonia di premiazione.<\/p>\n<p>Per ulteriori informazioni, si visiti il sito: <a href=\"https:\/\/cndl.uniurb.it\">https:\/\/cndl.uniurb.it<\/a><\/p>\n<h2 style=\"text-align: center;\"><strong>CONVERSAZIONE CON DOCENTI DI MADRELINGUA INGLESE<\/strong><\/h2>\n<p><strong>&nbsp;<\/strong><em>Starting from the second year to the last one, we offer our students the possibility of boosting their speaking skills and communicative competence with conversation classes held by English mother-tongue teachers in joint presence with the school curricular teachers of English. The conversation classes may deal with Cambridge PET\/FCE speaking exams preparation, or English for specific purposes topics, current affairs or else improving students\u2019 debating skills.<\/em><\/p>\n<p><em>We think that this could turn out to be really added value for our students, not only for the above-mentioned reasons, but also because it is an excellent way to enhance their soft and life skills, since they can interact with people with different cultural background.<\/em><\/p>\n<p>Italian version<\/p>\n<p>A partire dalla seconda fino all\u2019ultimo anno, offriamo ai nostri studenti la possibilit\u00e0 di migliorare le loro capacit\u00e0 e competenze comunicative con lezioni di conversazione tenute da docenti di madrelingua inglese in compresenza con i docenti curricolari di lingua inglese. Le lezioni di conversazione possono vertere sulla preparazione agli esami orali degli esami Cambridge PET (livello B1) o FCE (livello B2), o su argomenti di microlingua inglese, attualit\u00e0 oppure ancora migliorare le capacit\u00e0 di dibattere in lingua inglese (pratica del <em>debate<\/em>).<\/p>\n<p>Siamo convinti che questo possa diventare un valore aggiunto per i nostri studenti, non solo per le motivazioni sopra elencate, ma anche perch\u00e9 \u00e8 un modo eccellente per sviluppare le loro capacit\u00e0 sociali, dal momento che si trovano ad interagire con persone con esperienze culturali diverse.<\/p>\n<h2 style=\"text-align: center;\"><strong>POTENZIAMENTO DELLA LINGUA INGLESE NELLE CLASSI PRIME<\/strong><\/h2>\n<p style=\"text-align: left;\"><em>We offer our Licei first-year students the opportunity to enhance their speaking skills and communicative competence by attending an elective 20-hour course from 1 to 2 pm, once a week, from November to May, with an English mother-tongue teacher. The conversation classes usually deal with general teen-oriented topics or current affairs with a view to not only expand their vocabulary but also boost their confidence to speak English.<\/em><\/p>\n<p>Italian version<\/p>\n<p>Offriamo ai nostri studenti di prima dei Licei l\u2019opportunit\u00e0 di migliorare le proprie capacit\u00e0 e competenze comunicative con un corso facoltativo di 20 ore, in orario 13-14, una volta a settimana, da novembre a maggio, con una docente di madrelingua inglese. Le lezioni di conversazione possono vertere su argomenti che possano generalmente interessare gli adolescenti o di attualit\u00e0 con il duplice obiettivo di far acquisire loro nuovo lessico e accrescere la fiducia nelle loro capacit\u00e0 di parlare l\u2019inglese.<\/p>\n<h3>&nbsp;<\/h3>\n<h3><strong>CERTIFICAZIONI LINGUISTICHE EUROPEE<\/strong><\/h3>\n<p><a href=\"https:\/\/baldessano.roccati.edu.it\/wp-content\/uploads\/2020\/01\/CIRCOLARE-INIZIO-CORSI-PET.pdf\">&nbsp;&nbsp; Preliminary English Test<\/a><\/p>\n<p><a href=\"https:\/\/baldessano.roccati.edu.it\/wp-content\/uploads\/2020\/01\/CIRCOLARE-INIZIO-CORSI-FCE-2020.pdf\">&nbsp;&nbsp; First Certificate in English<\/a><\/p>\n<p>&nbsp;<\/p>\n<h3><a href=\"https:\/\/vetrina.baldessano.roccati.edu.it\/wp-content\/uploads\/2023\/12\/ISCRIZIONE-AL-CLUB-LINGUISTICO-2018.pdf\"><strong>CLUB LINGUISTICO<\/strong><\/a><\/h3>\n<p><a href=\"https:\/\/vetrina.baldessano.roccati.edu.it\/wp-content\/uploads\/2023\/12\/ISCRIZIONE-AL-CLUB-LINGUISTICO-2018.pdf\">ISCRIZIONE AL CLUB-LINGUISTICO<\/a><\/p>\n<figure id=\"attachment_175\" aria-describedby=\"caption-attachment-175\" style=\"width: 300px\" class=\"wp-caption alignleft\"><img loading=\"lazy\" decoding=\"async\" class=\"wp-image-175 size-medium\" src=\"https:\/\/vetrina.baldessano.roccati.edu.it\/wp-content\/uploads\/2023\/12\/big-ben-2393098_640-300x207.jpg\" alt=\"\" width=\"300\" height=\"207\" srcset=\"https:\/\/vetrina.baldessano.roccati.edu.it\/wp-content\/uploads\/2023\/12\/big-ben-2393098_640-300x207.jpg 300w, https:\/\/vetrina.baldessano.roccati.edu.it\/wp-content\/uploads\/2023\/12\/big-ben-2393098_640.jpg 640w\" sizes=\"auto, (max-width: 300px) 100vw, 300px\" \/><figcaption id=\"caption-attachment-175\" class=\"wp-caption-text\">INGLESE<\/figcaption><\/figure>\n<figure id=\"attachment_176\" aria-describedby=\"caption-attachment-176\" style=\"width: 300px\" class=\"wp-caption alignright\"><img loading=\"lazy\" decoding=\"async\" class=\"wp-image-176 size-medium\" src=\"https:\/\/vetrina.baldessano.roccati.edu.it\/wp-content\/uploads\/2023\/12\/eiffel-tower-3349075_640-300x200.jpg\" alt=\"\" width=\"300\" height=\"200\" srcset=\"https:\/\/vetrina.baldessano.roccati.edu.it\/wp-content\/uploads\/2023\/12\/eiffel-tower-3349075_640-300x200.jpg 300w, https:\/\/vetrina.baldessano.roccati.edu.it\/wp-content\/uploads\/2023\/12\/eiffel-tower-3349075_640-507x338.jpg 507w, https:\/\/vetrina.baldessano.roccati.edu.it\/wp-content\/uploads\/2023\/12\/eiffel-tower-3349075_640.jpg 640w\" sizes=\"auto, (max-width: 300px) 100vw, 300px\" \/><figcaption id=\"caption-attachment-176\" class=\"wp-caption-text\">FRANCESE<\/figcaption><\/figure>\n<p>&nbsp;<\/p>\n<figure id=\"attachment_177\" aria-describedby=\"caption-attachment-177\" style=\"width: 300px\" class=\"wp-caption aligncenter\"><img loading=\"lazy\" decoding=\"async\" class=\"wp-image-177 size-medium\" src=\"https:\/\/vetrina.baldessano.roccati.edu.it\/wp-content\/uploads\/2023\/12\/barcelona-3226639_640-300x152.jpg\" alt=\"\" width=\"300\" height=\"152\" srcset=\"https:\/\/vetrina.baldessano.roccati.edu.it\/wp-content\/uploads\/2023\/12\/barcelona-3226639_640-300x152.jpg 300w, https:\/\/vetrina.baldessano.roccati.edu.it\/wp-content\/uploads\/2023\/12\/barcelona-3226639_640.jpg 640w\" sizes=\"auto, (max-width: 300px) 100vw, 300px\" \/><figcaption id=\"caption-attachment-177\" class=\"wp-caption-text\">SPAGNOLO<\/figcaption><\/figure>\n","protected":false},"excerpt":{"rendered":"<p>Ecco i progetti proposti dal nostro splendido team linguistico! LINGUA INGLESE CAMPIONATO NAZIONALE DELLE LINGUE &nbsp;We get our last-year classes<\/p>\n<p><a href=\"https:\/\/vetrina.baldessano.roccati.edu.it\/?page_id=155\" class=\"more-link\">Continue reading<span class=\"screen-reader-text\">PROGETTO LINGUE<\/span><\/a><\/p>\n","protected":false},"author":2,"featured_media":172,"parent":0,"menu_order":0,"comment_status":"closed","ping_status":"closed","template":"","meta":{"ngg_post_thumbnail":0,"footnotes":""},"class_list":["post-155","page","type-page","status-publish","has-post-thumbnail","hentry"],"_links":{"self":[{"href":"https:\/\/vetrina.baldessano.roccati.edu.it\/index.php?rest_route=\/wp\/v2\/pages\/155","targetHints":{"allow":["GET"]}}],"collection":[{"href":"https:\/\/vetrina.baldessano.roccati.edu.it\/index.php?rest_route=\/wp\/v2\/pages"}],"about":[{"href":"https:\/\/vetrina.baldessano.roccati.edu.it\/index.php?rest_route=\/wp\/v2\/types\/page"}],"author":[{"embeddable":true,"href":"https:\/\/vetrina.baldessano.roccati.edu.it\/index.php?rest_route=\/wp\/v2\/users\/2"}],"replies":[{"embeddable":true,"href":"https:\/\/vetrina.baldessano.roccati.edu.it\/index.php?rest_route=%2Fwp%2Fv2%2Fcomments&post=155"}],"version-history":[{"count":7,"href":"https:\/\/vetrina.baldessano.roccati.edu.it\/index.php?rest_route=\/wp\/v2\/pages\/155\/revisions"}],"predecessor-version":[{"id":627,"href":"https:\/\/vetrina.baldessano.roccati.edu.it\/index.php?rest_route=\/wp\/v2\/pages\/155\/revisions\/627"}],"wp:featuredmedia":[{"embeddable":true,"href":"https:\/\/vetrina.baldessano.roccati.edu.it\/index.php?rest_route=\/wp\/v2\/media\/172"}],"wp:attachment":[{"href":"https:\/\/vetrina.baldessano.roccati.edu.it\/index.php?rest_route=%2Fwp%2Fv2%2Fmedia&parent=155"}],"curies":[{"name":"wp","href":"https:\/\/api.w.org\/{rel}","templated":true}]}}