{"id":1154,"date":"2024-09-19T16:29:14","date_gmt":"2024-09-19T16:29:14","guid":{"rendered":"https:\/\/vetrina.baldessano.roccati.edu.it\/?page_id=1154"},"modified":"2025-11-11T19:02:29","modified_gmt":"2025-11-11T19:02:29","slug":"a-breve-le-nuove-date-per-lorientamento-in-entrata-24-25","status":"publish","type":"page","link":"https:\/\/vetrina.baldessano.roccati.edu.it\/?page_id=1154","title":{"rendered":"ORIENTAMENTO IN ENTRATA per l&#8217;a.s. 2026\/2027"},"content":{"rendered":"<p>In vista delle iscrizioni online che saranno possibili da <strong>gennaio 2026<\/strong>, a partire dal mese di ottobre, il Polo Scolastico Baldessano-Roccati di Carmagnola riaprir\u00e0 le porte agli studenti pi\u00f9 giovani che, chiudendo il ciclo della media inferiore, si appresteranno, nei prossimi mesi, a scegliere il nuovo indirizzo di scuola superiore. Gli incontri di orientamento avverranno di sabato e tutti in presenza.<\/p>\n<h2 style=\"text-align: center;\"><span style=\"font-family: helv-children-di-matthias-guggisberg; font-size: 22px;\">NON SARA&#8217; NECESSARIA LA PRENOTAZIONE, BASTERA&#8217; PRESENTARSI ENTRO GLI ORARI INDICATI.<\/span><\/h2>\n<h2 style=\"text-align: center;\"><span style=\"color: #ffff00; font-family: 'arial black', 'avant garde'; font-size: 23px; font-weight: normal;\">Partir\u00e0 una visita ogni trenta minuti.<\/span><\/h2>\n<p>I docenti e alcuni studenti accoglieranno le famiglie interessate presso le tre sedi, illustreranno loro le principali caratteristiche degli indirizzi e risponderanno alle eventuali domande. Seguir\u00e0 la visita ai locali e ai laboratori nei quali verranno proposte molte attivit\u00e0 coinvolgenti e dove gli allievi della scuola spiegheranno in prima persona la loro esperienza al Baldessano Roccati. Non occorrer\u00e0 prenotarsi, ma le famiglie potranno presentarsi direttamente nella sede desiderata; si potranno ovviamente visitare tutte le sedi anche nella stessa giornata, l\u2019importante sar\u00e0 rispettare i range temporali indicati.<\/p>\n<p><img loading=\"lazy\" decoding=\"async\" class=\"aligncenter wp-image-1698 size-large\" src=\"https:\/\/vetrina.baldessano.roccati.edu.it\/wp-content\/uploads\/2025\/10\/locandina-orientamento-25_26-3-717x1024.jpg\" alt=\"\" width=\"717\" height=\"1024\" srcset=\"https:\/\/vetrina.baldessano.roccati.edu.it\/wp-content\/uploads\/2025\/10\/locandina-orientamento-25_26-3-717x1024.jpg 717w, https:\/\/vetrina.baldessano.roccati.edu.it\/wp-content\/uploads\/2025\/10\/locandina-orientamento-25_26-3-210x300.jpg 210w, https:\/\/vetrina.baldessano.roccati.edu.it\/wp-content\/uploads\/2025\/10\/locandina-orientamento-25_26-3-768x1097.jpg 768w, https:\/\/vetrina.baldessano.roccati.edu.it\/wp-content\/uploads\/2025\/10\/locandina-orientamento-25_26-3-1075x1536.jpg 1075w\" sizes=\"auto, (max-width: 717px) 100vw, 717px\" \/><\/p>\n<h5><span style=\"font-family: kg-so-high-school;\">Si partir\u00e0 <strong>sabato 25 ottobre 2025<\/strong>, dalle 9 alle 12:30, quando saranno presentati SOLO i licei. Le sedi dei licei sono, per il liceo classico e per il liceo scientifico tradizionale, quella di via Cavassa 4\/piazza Rayneri (dietro la chiesa di Sant\u2019Agostino); per visitare invece il liceo scientifico delle scienze applicate ci si trover\u00e0 nella sede di viale Garibaldi, 7.<\/span><\/h5>\n<h5><span style=\"font-family: kg-so-high-school;\"><strong>Sabato 15 novembre 2025<\/strong>, dalle 9 alle 12 e poi, nel pomeriggio, alle 14:30 alle 17, saranno presentati tutti gli indirizzi: i licei nelle loro sedi (vedi sopra), il tecnico finanza e marketing, il tecnico turistico, il professionale commerciale e il professionale socio sanitario sempre in viale Garibaldi, 7; in via San Francesco di Sales, 190, ci si trover\u00e0 per la visita al tecnico e al professionale agrari.<\/span><\/h5>\n<h5><span style=\"font-family: jmh-typewriter;\"><strong>Sabato 13 dicembre 2025<\/strong> verranno nuovamente presentati tutti gli indirizzi nelle sedi gi\u00e0 indicate, ma solo la mattina, dalle 9 alle 12:30; le Porte Aperte si chiuderanno <strong>sabato 17 gennaio 2026<\/strong>, data riservata SOLO ai tecnici e ai professionali (tutti) nelle loro consuete sedi dalle 9 alle 12:30.<\/span><\/h5>\n<h2 style=\"text-align: center;\">INCONTRI IN AUDITORIUM PER LE SCUOLE SECONDARIE DI PRIMO GRADO, COMPRENSIVI DI CARMAGNOLA:<\/h2>\n<p><span style=\"color: #ffff00;\"><strong>28 NOV 2025 10\/12 &gt; COMPRENSIVO 1<\/strong><\/span><\/p>\n<p><span style=\"color: #ffff00;\"><strong>21 NOV 2025 8\/10 &gt; COMPRENSIVO 2; 10\/12 &gt; COMPRENSIVO 3<\/strong><\/span><\/p>\n<p>Per avere ulteriori informazioni sui vari indirizzi si potr\u00e0 visitare il sito ministeriale della scuola <a href=\"https:\/\/www.baldessanoroccati.edu.it\/orientamento-in-ingresso\/\">CLICCANDO QUI&nbsp;<\/a><\/p>\n<p>&nbsp;<br \/>\n&nbsp;<br \/>\n==&gt; I LICEI SCIENTIFICI SI PRESENTANO<\/p>\n<div style=\"width: 640px;\" class=\"wp-video\"><video class=\"wp-video-shortcode\" id=\"video-1154-1\" width=\"640\" height=\"360\" preload=\"metadata\" controls=\"controls\"><source type=\"video\/mp4\" src=\"https:\/\/videos.baldessano.roccati.edu.it\/LICEI%20SCIENTIFICI%20video%20definitivo.mp4?_=1\" \/><a href=\"https:\/\/videos.baldessano.roccati.edu.it\/LICEI%20SCIENTIFICI%20video%20definitivo.mp4\">https:\/\/videos.baldessano.roccati.edu.it\/LICEI%20SCIENTIFICI%20video%20definitivo.mp4<\/a><\/video><\/div>\n<p>&nbsp;<br \/>\n&nbsp;<br \/>\nSar\u00e0 inoltre possibile seguire le attivit\u00e0 della scuola anche su youtube (dove esiste gi\u00e0 il canale dedicato @onairbaldessanoroccati) e su Instagram.<\/p>\n<p>Certi che, come dice J. Carron, \u201cl\u2019educazione \u00e8 dare il senso della vita, non \u00e8 una parola, \u00e8 un\u2019esperienza\u201d, vi aspettiamo numerosissimi!!!<\/p>\n<p>&nbsp;<\/p>\n","protected":false},"excerpt":{"rendered":"<p>In vista delle iscrizioni online che saranno possibili da gennaio 2026, a partire dal mese di ottobre, il Polo Scolastico<\/p>\n<p><a href=\"https:\/\/vetrina.baldessano.roccati.edu.it\/?page_id=1154\" class=\"more-link\">Continue reading<span class=\"screen-reader-text\">ORIENTAMENTO IN ENTRATA per l&#8217;a.s. 2026\/2027<\/span><\/a><\/p>\n","protected":false},"author":2,"featured_media":1166,"parent":0,"menu_order":0,"comment_status":"closed","ping_status":"closed","template":"","meta":{"ngg_post_thumbnail":0,"footnotes":""},"class_list":["post-1154","page","type-page","status-publish","has-post-thumbnail","hentry"],"_links":{"self":[{"href":"https:\/\/vetrina.baldessano.roccati.edu.it\/index.php?rest_route=\/wp\/v2\/pages\/1154","targetHints":{"allow":["GET"]}}],"collection":[{"href":"https:\/\/vetrina.baldessano.roccati.edu.it\/index.php?rest_route=\/wp\/v2\/pages"}],"about":[{"href":"https:\/\/vetrina.baldessano.roccati.edu.it\/index.php?rest_route=\/wp\/v2\/types\/page"}],"author":[{"embeddable":true,"href":"https:\/\/vetrina.baldessano.roccati.edu.it\/index.php?rest_route=\/wp\/v2\/users\/2"}],"replies":[{"embeddable":true,"href":"https:\/\/vetrina.baldessano.roccati.edu.it\/index.php?rest_route=%2Fwp%2Fv2%2Fcomments&post=1154"}],"version-history":[{"count":28,"href":"https:\/\/vetrina.baldessano.roccati.edu.it\/index.php?rest_route=\/wp\/v2\/pages\/1154\/revisions"}],"predecessor-version":[{"id":1739,"href":"https:\/\/vetrina.baldessano.roccati.edu.it\/index.php?rest_route=\/wp\/v2\/pages\/1154\/revisions\/1739"}],"wp:featuredmedia":[{"embeddable":true,"href":"https:\/\/vetrina.baldessano.roccati.edu.it\/index.php?rest_route=\/wp\/v2\/media\/1166"}],"wp:attachment":[{"href":"https:\/\/vetrina.baldessano.roccati.edu.it\/index.php?rest_route=%2Fwp%2Fv2%2Fmedia&parent=1154"}],"curies":[{"name":"wp","href":"https:\/\/api.w.org\/{rel}","templated":true}]}}